{"id":8166,"date":"2020-01-22T14:17:31","date_gmt":"2020-01-22T14:17:31","guid":{"rendered":"https:\/\/www.agiledigitalagency.com\/politica-de-privacidad\/"},"modified":"2026-03-22T20:40:18","modified_gmt":"2026-03-22T20:40:18","slug":"politica-de-privacidad","status":"publish","type":"page","link":"https:\/\/www.agiledigitalagency.com\/es\/politica-de-privacidad\/","title":{"rendered":"Pol\u00edtica de Privacidad"},"content":{"rendered":"","protected":false},"excerpt":{"rendered":"","protected":false},"author":11,"featured_media":6727,"parent":0,"menu_order":59,"comment_status":"closed","ping_status":"closed","template":"","meta":{"_acf_changed":false,"_ayudawp_aiss_exclude":false,"footnotes":""},"class_list":["post-8166","page","type-page","status-publish","has-post-thumbnail","hentry"],"acf":{"components":[{"acf_fc_layout":"hero","case_study":false,"background":{"ID":6754,"id":6754,"title":"Agile Digital Agency: dise\u00f1o web experto y servicios profesionales de SEO en Reino Unido y EE. UU.","filename":"Home.svg","filesize":1720,"url":"https:\/\/www.agiledigitalagency.com\/wp-content\/uploads\/2020\/08\/Home.svg","link":"https:\/\/www.agiledigitalagency.com\/es\/inicio\/home-2-2\/","alt":"Agile Digital Agency: dise\u00f1o web experto y servicios profesionales de SEO en Reino Unido y EE. UU.","author":"1","description":"","caption":"","name":"home-2-2","status":"inherit","uploaded_to":6819,"date":"2020-08-11 11:02:28","modified":"2026-01-27 16:04:39","menu_order":0,"mime_type":"image\/svg+xml","type":"image","subtype":"svg+xml","icon":"https:\/\/www.agiledigitalagency.com\/wp-includes\/images\/media\/default.png","width":856,"height":871,"sizes":{"thumbnail":"https:\/\/www.agiledigitalagency.com\/wp-content\/uploads\/2020\/08\/Home.svg","thumbnail-width":295,"thumbnail-height":300,"medium":"https:\/\/www.agiledigitalagency.com\/wp-content\/uploads\/2020\/08\/Home.svg","medium-width":755,"medium-height":768,"medium_large":"https:\/\/www.agiledigitalagency.com\/wp-content\/uploads\/2020\/08\/Home.svg","medium_large-width":768,"medium_large-height":781,"large":"https:\/\/www.agiledigitalagency.com\/wp-content\/uploads\/2020\/08\/Home.svg","large-width":856,"large-height":871,"1536x1536":"https:\/\/www.agiledigitalagency.com\/wp-content\/uploads\/2020\/08\/Home.svg","1536x1536-width":856,"1536x1536-height":871,"2048x2048":"https:\/\/www.agiledigitalagency.com\/wp-content\/uploads\/2020\/08\/Home.svg","2048x2048-width":856,"2048x2048-height":871}},"title":"Pol\u00edtica de Privacidad","description":"<p>Nos comprometemos a respetar tu privacidad y la seguridad de tu informaci\u00f3n personal.<\/p>\n","link":"","hide_breadcrumbs":false},{"acf_fc_layout":"informative","background":false,"title":"<p>Informaci\u00f3n que recopilamos<\/p>\n","description":"<p>Podemos recopilar informaci\u00f3n, incluyendo tu nombre, direcci\u00f3n, correo electr\u00f3nico y n\u00famero de tel\u00e9fono cuando rellenas nuestro formulario de contacto. Mantenemos esta informaci\u00f3n en una base de datos segura. Tambi\u00e9n recopilamos informaci\u00f3n sobre c\u00f3mo los visitantes navegan por nuestro sitio web mediante datos obtenidos con cookies.<\/p>\n<h3>C\u00f3mo utilizamos la informaci\u00f3n que recopilamos<\/h3>\n<p>Recopilamos esta informaci\u00f3n para contactarte en relaci\u00f3n con tu solicitud.<\/p>\n<h3>Informaci\u00f3n que compartimos<\/h3>\n<p>No compartimos tu informaci\u00f3n con ninguna empresa.<\/p>\n<h3>Cookies<\/h3>\n<p>Para que este sitio funcione correctamente, a veces colocamos peque\u00f1os archivos de datos llamados cookies en tu dispositivo. La mayor\u00eda de los sitios web grandes tambi\u00e9n lo hacen.<\/p>\n<p>Puedes encontrar m\u00e1s informaci\u00f3n <a href=\"https:\/\/www.agiledigitalagency.com\/es\/politica-de-cookies\/\">aqu\u00ed<\/a>.<\/p>\n<h3>Correo electr\u00f3nico<\/h3>\n<p>Cuando proporcionas tu direcci\u00f3n de correo electr\u00f3nico, te enviaremos uno o m\u00e1s correos electr\u00f3nicos en respuesta a tu solicitud. Tambi\u00e9n podemos enviar correos promocionales sobre nuestros productos u ofertas especiales. En cualquier momento, puedes darte de baja de cualquier lista de correo de Agile. Nunca publicamos, vendemos ni compartimos tu direcci\u00f3n de correo electr\u00f3nico.<\/p>\n<h3>Enlaces a otros sitios web<\/h3>\n<p>Podemos proporcionar enlaces en nuestro sitio web a otros sitios que consideremos \u00fatiles. Estos sitios web operan de forma completamente independiente a Agile y tienen sus propias pol\u00edticas de privacidad y seguridad. Te recomendamos revisar la pol\u00edtica de privacidad de los sitios que visites.<\/p>\n<h3>Actualizaci\u00f3n de tu informaci\u00f3n<\/h3>\n<p>Para actualizar cualquier informaci\u00f3n, incluyendo datos de pedidos, nombre, direcci\u00f3n de correo electr\u00f3nico o direcci\u00f3n postal, puedes contactarnos en cualquier momento a trav\u00e9s de nuestros canales de contacto.<\/p>\n<h3>Cambios en la pol\u00edtica<\/h3>\n<p>Realizamos cambios ocasionales en nuestra pol\u00edtica de privacidad. Si se realizan cambios, se publicar\u00e1n en nuestro sitio web. Te recomendamos revisar nuestra pol\u00edtica de privacidad peri\u00f3dicamente.<\/p>\n<p>\u00daltima actualizaci\u00f3n: 02\/01\/2024<\/p>\n","link":"","words":{"top_word":false,"bottom_word":false},"gradient_scheme":false,"hide_words":true,"cta":{"cta":"","type":"primary"},"center_title":false,"color_schema":{"colour_schema":"light1"}}]},"_links":{"self":[{"href":"https:\/\/www.agiledigitalagency.com\/es\/wp-json\/wp\/v2\/pages\/8166","targetHints":{"allow":["GET"]}}],"collection":[{"href":"https:\/\/www.agiledigitalagency.com\/es\/wp-json\/wp\/v2\/pages"}],"about":[{"href":"https:\/\/www.agiledigitalagency.com\/es\/wp-json\/wp\/v2\/types\/page"}],"author":[{"embeddable":true,"href":"https:\/\/www.agiledigitalagency.com\/es\/wp-json\/wp\/v2\/users\/11"}],"replies":[{"embeddable":true,"href":"https:\/\/www.agiledigitalagency.com\/es\/wp-json\/wp\/v2\/comments?post=8166"}],"version-history":[{"count":0,"href":"https:\/\/www.agiledigitalagency.com\/es\/wp-json\/wp\/v2\/pages\/8166\/revisions"}],"wp:featuredmedia":[{"embeddable":true,"href":"https:\/\/www.agiledigitalagency.com\/es\/wp-json\/wp\/v2\/media\/6727"}],"wp:attachment":[{"href":"https:\/\/www.agiledigitalagency.com\/es\/wp-json\/wp\/v2\/media?parent=8166"}],"curies":[{"name":"wp","href":"https:\/\/api.w.org\/{rel}","templated":true}]}}